{"id":546,"date":"2017-08-11T04:13:39","date_gmt":"2017-08-11T04:13:39","guid":{"rendered":"https:\/\/victorthemes.com\/themes\/riffel\/?page_id=546"},"modified":"2026-04-22T13:46:49","modified_gmt":"2026-04-22T13:46:49","slug":"contact","status":"publish","type":"page","link":"https:\/\/emrebayram.art\/index.php\/contact\/","title":{"rendered":"Contact"},"content":{"rendered":"<div class=\"wpb-content-wrapper\"><p>[vc_row][vc_column css=&#8221;.vc_custom_1502429036034{padding-right: 25px !important;}&#8221;][vc_custom_heading text=&#8221;\u0130leti\u015fime ge\u00e7mek i\u00e7in&#8221; font_container=&#8221;tag:h2|font_size:50px|text_align:center&#8221; google_fonts=&#8221;font_family:Cabin%3Aregular%2Citalic%2C500%2C500italic%2C600%2C600italic%2C700%2C700italic|font_style:700%20bold%20regular%3A700%3Anormal&#8221; css=&#8221;.vc_custom_1769196312568{padding-bottom: 20px !important;}&#8221;][vc_custom_heading text=&#8221;Telefon:&#8221; font_container=&#8221;tag:h2|font_size:17px|text_align:center&#8221; google_fonts=&#8221;font_family:Lora%3Aregular%2Citalic%2C700%2C700italic|font_style:400%20regular%3A400%3Anormal&#8221; css=&#8221;&#8221;][vc_custom_heading text=&#8221;0541 783 32 66&#8243; font_container=&#8221;tag:p|font_size:17px|text_align:center&#8221; google_fonts=&#8221;font_family:Lora%3Aregular%2Citalic%2C700%2C700italic|font_style:400%20regular%3A400%3Anormal&#8221; css=&#8221;&#8221;][vc_custom_heading text=&#8221;Mail:&#8221; font_container=&#8221;tag:h2|font_size:17px|text_align:center&#8221; google_fonts=&#8221;font_family:Lora%3Aregular%2Citalic%2C700%2C700italic|font_style:400%20regular%3A400%3Anormal&#8221; css=&#8221;&#8221;][vc_custom_heading text=&#8221;ebyrmm@outlook.com&#8221; font_container=&#8221;tag:p|font_size:17px|text_align:center&#8221; google_fonts=&#8221;font_family:Lora%3Aregular%2Citalic%2C700%2C700italic|font_style:400%20regular%3A400%3Anormal&#8221; css=&#8221;&#8221; link=&#8221;url:mailto%3Ailetisim%40emrebayram.art&#8221;][vc_custom_heading text=&#8221;Behance:&#8221; font_container=&#8221;tag:h2|font_size:17px|text_align:center&#8221; google_fonts=&#8221;font_family:Lora%3Aregular%2Citalic%2C700%2C700italic|font_style:400%20regular%3A400%3Anormal&#8221; css=&#8221;&#8221;][vc_custom_heading text=&#8221;behance.net\/emrebayram-art&#8221; font_container=&#8221;tag:p|font_size:17px|text_align:center&#8221; google_fonts=&#8221;font_family:Lora%3Aregular%2Citalic%2C700%2C700italic|font_style:400%20regular%3A400%3Anormal&#8221; css=&#8221;&#8221; link=&#8221;url:https%3A%2F%2Fwww.behance.net%2Femrebayram-art|target:_blank&#8221;][vc_custom_heading text=&#8221;LinkedIn:&#8221; font_container=&#8221;tag:h2|font_size:17px|text_align:center&#8221; google_fonts=&#8221;font_family:Lora%3Aregular%2Citalic%2C700%2C700italic|font_style:400%20regular%3A400%3Anormal&#8221; css=&#8221;&#8221;][vc_custom_heading text=&#8221;linkedin.com\/in\/emrebayram-art\/&#8221; font_container=&#8221;tag:p|font_size:17px|text_align:center&#8221; google_fonts=&#8221;font_family:Lora%3Aregular%2Citalic%2C700%2C700italic|font_style:400%20regular%3A400%3Anormal&#8221; css=&#8221;&#8221; link=&#8221;url:http%3A%2F%2Flinkedin.com%2Fin%2Femrebayram-art%2F|target:_blank&#8221;][\/vc_column][\/vc_row]<\/p>\n<\/div>","protected":false},"excerpt":{"rendered":"[vc_row][vc_column css=&#8221;.vc_custom_1502429036034{padding-right: 25px !important;}&#8221;][vc_custom_heading text=&#8221;\u0130leti\u015fime ge\u00e7mek i\u00e7in&#8221; font_container=&#8221;tag:h2|font_size:50px|text_align:center&#8221; google_fonts=&#8221;font_family:Cabin%3Aregular%2Citalic%2C500%2C500italic%2C600%2C600italic%2C700%2C700italic|font_style:700%20bold%20regular%3A700%3Anormal&#8221; css=&#8221;.vc_custom_1769196312568{padding-bottom: 20px !important;}&#8221;][vc_custom_heading text=&#8221;Telefon:&#8221; font_container=&#8221;tag:h2|font_size:17px|text_align:center&#8221; google_fonts=&#8221;font_family:Lora%3Aregular%2Citalic%2C700%2C700italic|font_style:400%20regular%3A400%3Anormal&#8221; css=&#8221;&#8221;][vc_custom_heading text=&#8221;0541 783 32 66&#8243; font_container=&#8221;tag:p|font_size:17px|text_align:center&#8221; google_fonts=&#8221;font_family:Lora%3Aregular%2Citalic%2C700%2C700italic|font_style:400%20regular%3A400%3Anormal&#8221; css=&#8221;&#8221;][vc_custom_heading text=&#8221;Mail:&#8221; font_container=&#8221;tag:h2|font_size:17px|text_align:center&#8221; google_fonts=&#8221;font_family:Lora%3Aregular%2Citalic%2C700%2C700italic|font_style:400%20regular%3A400%3Anormal&#8221; css=&#8221;&#8221;][vc_custom_heading text=&#8221;ebyrmm@outlook.com&#8221; font_container=&#8221;tag:p|font_size:17px|text_align:center&#8221; google_fonts=&#8221;font_family:Lora%3Aregular%2Citalic%2C700%2C700italic|font_style:400%20regular%3A400%3Anormal&#8221; css=&#8221;&#8221; link=&#8221;url:mailto%3Ailetisim%40emrebayram.art&#8221;][vc_custom_heading text=&#8221;Behance:&#8221; font_container=&#8221;tag:h2|font_size:17px|text_align:center&#8221; google_fonts=&#8221;font_family:Lora%3Aregular%2Citalic%2C700%2C700italic|font_style:400%20regular%3A400%3Anormal&#8221; css=&#8221;&#8221;][vc_custom_heading text=&#8221;behance.net\/emrebayram-art&#8221; font_container=&#8221;tag:p|font_size:17px|text_align:center&#8221; google_fonts=&#8221;font_family:Lora%3Aregular%2Citalic%2C700%2C700italic|font_style:400%20regular%3A400%3Anormal&#8221; css=&#8221;&#8221; link=&#8221;url:https%3A%2F%2Fwww.behance.net%2Femrebayram-art|target:_blank&#8221;][vc_custom_heading text=&#8221;LinkedIn:&#8221; font_container=&#8221;tag:h2|font_size:17px|text_align:center&#8221; google_fonts=&#8221;font_family:Lora%3Aregular%2Citalic%2C700%2C700italic|font_style:400%20regular%3A400%3Anormal&#8221; css=&#8221;&#8221;][vc_custom_heading text=&#8221;linkedin.com\/in\/emrebayram-art\/&#8221; font_container=&#8221;tag:p|font_size:17px|text_align:center&#8221; google_fonts=&#8221;font_family:Lora%3Aregular%2Citalic%2C700%2C700italic|font_style:400%20regular%3A400%3Anormal&#8221; css=&#8221;&#8221; link=&#8221;url:http%3A%2F%2Flinkedin.com%2Fin%2Femrebayram-art%2F|target:_blank&#8221;][\/vc_column][\/vc_row]","protected":false},"author":1,"featured_media":0,"parent":0,"menu_order":0,"comment_status":"closed","ping_status":"closed","template":"","meta":{"footnotes":""},"class_list":["post-546","page","type-page","status-publish","hentry"],"_links":{"self":[{"href":"https:\/\/emrebayram.art\/index.php\/wp-json\/wp\/v2\/pages\/546","targetHints":{"allow":["GET"]}}],"collection":[{"href":"https:\/\/emrebayram.art\/index.php\/wp-json\/wp\/v2\/pages"}],"about":[{"href":"https:\/\/emrebayram.art\/index.php\/wp-json\/wp\/v2\/types\/page"}],"author":[{"embeddable":true,"href":"https:\/\/emrebayram.art\/index.php\/wp-json\/wp\/v2\/users\/1"}],"replies":[{"embeddable":true,"href":"https:\/\/emrebayram.art\/index.php\/wp-json\/wp\/v2\/comments?post=546"}],"version-history":[{"count":8,"href":"https:\/\/emrebayram.art\/index.php\/wp-json\/wp\/v2\/pages\/546\/revisions"}],"predecessor-version":[{"id":1623,"href":"https:\/\/emrebayram.art\/index.php\/wp-json\/wp\/v2\/pages\/546\/revisions\/1623"}],"wp:attachment":[{"href":"https:\/\/emrebayram.art\/index.php\/wp-json\/wp\/v2\/media?parent=546"}],"curies":[{"name":"wp","href":"https:\/\/api.w.org\/{rel}","templated":true}]}}